{"id":863,"date":"2024-08-02T08:29:26","date_gmt":"2024-08-02T08:29:26","guid":{"rendered":"https:\/\/imtosoftware.com\/?page_id=863"},"modified":"2024-08-02T10:26:26","modified_gmt":"2024-08-02T10:26:26","slug":"financial-accounting","status":"publish","type":"page","link":"https:\/\/imtosoftware.com\/pl\/financial-accounting\/","title":{"rendered":"Rachunkowo\u015b\u0107 finansowa"},"content":{"rendered":"<div data-elementor-type=\"wp-post\" data-elementor-id=\"863\" class=\"elementor elementor-863\">\n\t\t\t\t<div class=\"elementor-element elementor-element-w10fEsMv   e-flex e-con-boxed e-con e-parent\" data-id=\"w10fEsMv\" data-element_type=\"container\">\n\t\t\t\t\t<div class=\"e-con-inner\">\n\t\t\t\t<div class=\"elementor-element elementor-element-A05yGclT elementor-widget__width-inherit elementor-widget-mobile__width-inherit   elementor-widget elementor-widget-heading\" data-id=\"A05yGclT\" data-element_type=\"widget\" data-widget_type=\"heading.default\">\n\t\t\t\t<div class=\"elementor-widget-container\">\n\t\t\t<h1 class=\"elementor-heading-title elementor-size-default\">Zarz\u0105dzaj swoimi finansami za pomoc\u0105 oprogramowania ksi\u0119gowego 100%<\/h1>\t\t<\/div>\n\t\t\t\t<\/div>\n\t\t\t\t\t<\/div>\n\t\t\t\t<\/div>\n\t\t<div class=\"elementor-element elementor-element-IaeqT5UI   e-flex e-con-boxed e-con e-parent\" data-id=\"IaeqT5UI\" data-element_type=\"container\">\n\t\t\t\t\t<div class=\"e-con-inner\">\n\t\t\t\t<div class=\"elementor-element elementor-element-TyCcHh33 elementor-widget__width-inherit elementor-widget-mobile__width-inherit   elementor-widget elementor-widget-text-editor\" data-id=\"TyCcHh33\" data-element_type=\"widget\" data-widget_type=\"text-editor.default\">\n\t\t\t\t<div class=\"elementor-widget-container\">\n\t\t\t\t\t\t\tWszystkie narz\u0119dzia potrzebne do zarz\u0105dzania przep\u0142ywami pieni\u0119\u017cnymi w jednym miejscu, od rejestrowania transakcji po podsumowywanie i analizowanie raport\u00f3w finansowych. \u0141atwe prowadzenie ksi\u0105g rachunkowych.\t\t\t\t\t\t<\/div>\n\t\t\t\t<\/div>\n\t\t\t\t\t<\/div>\n\t\t\t\t<\/div>\n\t\t<div class=\"elementor-element elementor-element-5dWgqkLq e-con-full   e-flex e-con e-parent\" data-id=\"5dWgqkLq\" data-element_type=\"container\">\n\t\t<div class=\"elementor-element elementor-element-UcsuBHdx   e-flex e-con-boxed e-con e-child\" data-id=\"UcsuBHdx\" data-element_type=\"container\" data-settings=\"{&quot;background_background&quot;:&quot;classic&quot;}\">\n\t\t\t\t\t<div class=\"e-con-inner\">\n\t\t\t\t<div class=\"elementor-element elementor-element-nxV7iFCI elementor-widget__width-inherit elementor-widget-mobile__width-inherit   elementor-widget elementor-widget-heading\" data-id=\"nxV7iFCI\" data-element_type=\"widget\" data-widget_type=\"heading.default\">\n\t\t\t\t<div class=\"elementor-widget-container\">\n\t\t\t<h2 class=\"elementor-heading-title elementor-size-default\">Podgl\u0105d ksi\u0105g rachunkowych w czasie rzeczywistym<\/h2>\t\t<\/div>\n\t\t\t\t<\/div>\n\t\t\t\t<div class=\"elementor-element elementor-element-9AoJkPb1 elementor-widget__width-inherit elementor-widget-mobile__width-inherit   elementor-widget elementor-widget-text-editor\" data-id=\"9AoJkPb1\" data-element_type=\"widget\" data-widget_type=\"text-editor.default\">\n\t\t\t\t<div class=\"elementor-widget-container\">\n\t\t\t\t\t\t\t<p>Pulpity nawigacyjne ksi\u0119gowo\u015bci podkre\u015blaj\u0105 wszystkie kluczowe wska\u017aniki wydajno\u015bci na pierwszy rzut oka. Dzi\u0119ki konfigurowalnym wymiarom ksi\u0119gowym i dostosowywanym pulpitom nawigacyjnym mo\u017cliwe jest analizowanie ka\u017cdego elementu dzia\u0142alno\u015bci w jednym miejscu.<\/p>\t\t\t\t\t\t<\/div>\n\t\t\t\t<\/div>\n\t\t\t\t<div class=\"elementor-element elementor-element-1JPxxgnc elementor-widget__width-inherit elementor-widget-mobile__width-inherit   elementor-widget elementor-widget-image\" data-id=\"1JPxxgnc\" data-element_type=\"widget\" data-widget_type=\"image.default\">\n\t\t\t\t<div class=\"elementor-widget-container\">\n\t\t\t\t\t\t\t\t\t\t\t\t\t<img fetchpriority=\"high\" decoding=\"async\" width=\"1728\" height=\"1080\" src=\"https:\/\/imtosoftware.com\/wp-content\/uploads\/2024\/08\/1.png\" class=\"attachment-full size-full wp-image-891\" alt=\"\" srcset=\"https:\/\/imtosoftware.com\/wp-content\/uploads\/2024\/08\/1.png 1728w, https:\/\/imtosoftware.com\/wp-content\/uploads\/2024\/08\/1-300x188.png 300w, https:\/\/imtosoftware.com\/wp-content\/uploads\/2024\/08\/1-1024x640.png 1024w, https:\/\/imtosoftware.com\/wp-content\/uploads\/2024\/08\/1-768x480.png 768w, https:\/\/imtosoftware.com\/wp-content\/uploads\/2024\/08\/1-1536x960.png 1536w, https:\/\/imtosoftware.com\/wp-content\/uploads\/2024\/08\/1-600x375.png 600w\" sizes=\"(max-width: 1728px) 100vw, 1728px\" \/>\t\t\t\t\t\t\t\t\t\t\t\t\t<\/div>\n\t\t\t\t<\/div>\n\t\t\t\t\t<\/div>\n\t\t\t\t<\/div>\n\t\t\t\t<\/div>\n\t\t<div class=\"elementor-element elementor-element-5NqbZckV   e-flex e-con-boxed e-con e-parent\" data-id=\"5NqbZckV\" data-element_type=\"container\">\n\t\t\t\t\t<div class=\"e-con-inner\">\n\t\t\t\t<div class=\"elementor-element elementor-element-YjtSSD3h elementor-widget__width-inherit elementor-widget-mobile__width-inherit elementor-position-left elementor-vertical-align-middle   elementor-widget elementor-widget-image-box\" data-id=\"YjtSSD3h\" data-element_type=\"widget\" data-widget_type=\"image-box.default\">\n\t\t\t\t<div class=\"elementor-widget-container\">\n\t\t\t<div class=\"elementor-image-box-wrapper\"><figure class=\"elementor-image-box-img\"><img decoding=\"async\" width=\"1728\" height=\"1080\" src=\"https:\/\/imtosoftware.com\/wp-content\/uploads\/2024\/08\/2.png\" class=\"attachment-full size-full wp-image-892\" alt=\"\" srcset=\"https:\/\/imtosoftware.com\/wp-content\/uploads\/2024\/08\/2.png 1728w, https:\/\/imtosoftware.com\/wp-content\/uploads\/2024\/08\/2-300x188.png 300w, https:\/\/imtosoftware.com\/wp-content\/uploads\/2024\/08\/2-1024x640.png 1024w, https:\/\/imtosoftware.com\/wp-content\/uploads\/2024\/08\/2-768x480.png 768w, https:\/\/imtosoftware.com\/wp-content\/uploads\/2024\/08\/2-1536x960.png 1536w, https:\/\/imtosoftware.com\/wp-content\/uploads\/2024\/08\/2-600x375.png 600w\" sizes=\"(max-width: 1728px) 100vw, 1728px\" \/><\/figure><div class=\"elementor-image-box-content\"><h2 class=\"elementor-image-box-title\">Plan kont<\/h2><p class=\"elementor-image-box-description\"><span>Plan kont - konfigurowalny widok drzewa do strukturyzowania ksi\u0105g rachunkowych zgodnie z potrzebami - jest planem firmy. Ksi\u0119gi rachunkowe dzia\u0142aj\u0105 jako w\u0119z\u0142y li\u015bci, podczas gdy grupy mog\u0105 mie\u0107 podgrupy i ksi\u0119gi rachunkowe w ich obr\u0119bie. <\/span><\/p><\/div><\/div>\t\t<\/div>\n\t\t\t\t<\/div>\n\t\t\t\t\t<\/div>\n\t\t\t\t<\/div>\n\t\t<div class=\"elementor-element elementor-element-f3xY1JAD e-con-full   e-flex e-con e-parent\" data-id=\"f3xY1JAD\" data-element_type=\"container\">\n\t\t<div class=\"elementor-element elementor-element-7nPvshps   e-flex e-con-boxed e-con e-child\" data-id=\"7nPvshps\" data-element_type=\"container\" data-settings=\"{&quot;background_background&quot;:&quot;classic&quot;}\">\n\t\t\t\t\t<div class=\"e-con-inner\">\n\t\t\t\t<div class=\"elementor-element elementor-element-vhN9fGrn elementor-widget__width-inherit elementor-widget-mobile__width-inherit elementor-position-right elementor-vertical-align-middle   elementor-widget elementor-widget-image-box\" data-id=\"vhN9fGrn\" data-element_type=\"widget\" data-widget_type=\"image-box.default\">\n\t\t\t\t<div class=\"elementor-widget-container\">\n\t\t\t<div class=\"elementor-image-box-wrapper\"><figure class=\"elementor-image-box-img\"><img decoding=\"async\" width=\"1867\" height=\"1080\" src=\"https:\/\/imtosoftware.com\/wp-content\/uploads\/2024\/08\/3_mod.png\" class=\"attachment-full size-full wp-image-903\" alt=\"\" srcset=\"https:\/\/imtosoftware.com\/wp-content\/uploads\/2024\/08\/3_mod.png 1867w, https:\/\/imtosoftware.com\/wp-content\/uploads\/2024\/08\/3_mod-300x174.png 300w, https:\/\/imtosoftware.com\/wp-content\/uploads\/2024\/08\/3_mod-1024x592.png 1024w, https:\/\/imtosoftware.com\/wp-content\/uploads\/2024\/08\/3_mod-768x444.png 768w, https:\/\/imtosoftware.com\/wp-content\/uploads\/2024\/08\/3_mod-1536x889.png 1536w, https:\/\/imtosoftware.com\/wp-content\/uploads\/2024\/08\/3_mod-600x347.png 600w\" sizes=\"(max-width: 1867px) 100vw, 1867px\" \/><\/figure><div class=\"elementor-image-box-content\"><h2 class=\"elementor-image-box-title\">Dzienniki i p\u0142atno\u015bci<\/h2><p class=\"elementor-image-box-description\"><span>Utrzymuj czyst\u0105 i przejrzyst\u0105 ksi\u0119g\u0119, aby unikn\u0105\u0107 rozbie\u017cno\u015bci podczas zamykania kont. \u015aledzenie przychod\u00f3w i wydatk\u00f3w (odroczonych lub naliczonych), konfigurowanie powiadomie\u0144 o zamkni\u0119ciu okresu i kontrolowanie przep\u0142ywu \u015brodk\u00f3w pieni\u0119\u017cnych. Zaliczki mog\u0105 by\u0107 rejestrowane i uzgadniane za jednym razem. <\/span><\/p><\/div><\/div>\t\t<\/div>\n\t\t\t\t<\/div>\n\t\t\t\t\t<\/div>\n\t\t\t\t<\/div>\n\t\t\t\t<\/div>\n\t\t<div class=\"elementor-element elementor-element-DtrK15LJ   e-flex e-con-boxed e-con e-parent\" data-id=\"DtrK15LJ\" data-element_type=\"container\">\n\t\t\t\t\t<div class=\"e-con-inner\">\n\t\t\t\t<div class=\"elementor-element elementor-element-t4dErAqU elementor-widget__width-inherit elementor-widget-mobile__width-inherit elementor-position-left elementor-vertical-align-middle   elementor-widget elementor-widget-image-box\" data-id=\"t4dErAqU\" data-element_type=\"widget\" data-widget_type=\"image-box.default\">\n\t\t\t\t<div class=\"elementor-widget-container\">\n\t\t\t<div class=\"elementor-image-box-wrapper\"><figure class=\"elementor-image-box-img\"><img loading=\"lazy\" decoding=\"async\" width=\"1728\" height=\"1080\" src=\"https:\/\/imtosoftware.com\/wp-content\/uploads\/2024\/08\/1-3.png\" class=\"attachment-full size-full wp-image-1117\" alt=\"\" srcset=\"https:\/\/imtosoftware.com\/wp-content\/uploads\/2024\/08\/1-3.png 1728w, https:\/\/imtosoftware.com\/wp-content\/uploads\/2024\/08\/1-3-300x188.png 300w, https:\/\/imtosoftware.com\/wp-content\/uploads\/2024\/08\/1-3-1024x640.png 1024w, https:\/\/imtosoftware.com\/wp-content\/uploads\/2024\/08\/1-3-768x480.png 768w, https:\/\/imtosoftware.com\/wp-content\/uploads\/2024\/08\/1-3-1536x960.png 1536w, https:\/\/imtosoftware.com\/wp-content\/uploads\/2024\/08\/1-3-600x375.png 600w\" sizes=\"(max-width: 1728px) 100vw, 1728px\" \/><\/figure><div class=\"elementor-image-box-content\"><h2 class=\"elementor-image-box-title\">Rozliczenia i ceny<\/h2><p class=\"elementor-image-box-description\"><span>\u0141atwo wystawiaj faktury swoim klientom i \u015bcigaj nale\u017cne p\u0142atno\u015bci, korzystaj\u0105c z wezwa\u0144 do zap\u0142aty i powiadomie\u0144 za po\u015brednictwem wiadomo\u015bci e-mail lub przypomnie\u0144 SMS. Tw\u00f3rz niestandardowe szablony wydruku rachunk\u00f3w i konfiguruj ustawienia domy\u015blne w mgnieniu oka. Ceny pozycji wystarczy skonfigurowa\u0107 tylko raz, a nast\u0119pnie b\u0119d\u0105 one automatycznie pobierane we wszystkich przysz\u0142ych transakcjach. <\/span><\/p><\/div><\/div>\t\t<\/div>\n\t\t\t\t<\/div>\n\t\t\t\t\t<\/div>\n\t\t\t\t<\/div>\n\t\t<div class=\"elementor-element elementor-element-3Ia5K9gY e-con-full   e-flex e-con e-parent\" data-id=\"3Ia5K9gY\" data-element_type=\"container\">\n\t\t<div class=\"elementor-element elementor-element-qy3qw03r   e-flex e-con-boxed e-con e-child\" data-id=\"qy3qw03r\" data-element_type=\"container\" data-settings=\"{&quot;background_background&quot;:&quot;classic&quot;}\">\n\t\t\t\t\t<div class=\"e-con-inner\">\n\t\t\t\t<div class=\"elementor-element elementor-element-uwOVpbsA elementor-widget__width-inherit elementor-widget-mobile__width-inherit   elementor-widget elementor-widget-heading\" data-id=\"uwOVpbsA\" data-element_type=\"widget\" data-widget_type=\"heading.default\">\n\t\t\t\t<div class=\"elementor-widget-container\">\n\t\t\t<h2 class=\"elementor-heading-title elementor-size-default\">Ksi\u0119gowo\u015b\u0107 wielowalutowa<\/h2>\t\t<\/div>\n\t\t\t\t<\/div>\n\t\t\t\t<div class=\"elementor-element elementor-element-Xjmms8re elementor-widget__width-inherit elementor-widget-mobile__width-inherit   elementor-widget elementor-widget-text-editor\" data-id=\"Xjmms8re\" data-element_type=\"widget\" data-widget_type=\"text-editor.default\">\n\t\t\t\t<div class=\"elementor-widget-container\">\n\t\t\t\t\t\t\t<p>Zarz\u0105dzanie transakcjami w r\u00f3\u017cnych walutach jest proste dzi\u0119ki naszemu oprogramowaniu ksi\u0119gowemu. Wysy\u0142aj faktury i dodawaj wydatki w dowolnej walucie i pozw\u00f3l systemowi przeliczy\u0107 je na walut\u0119 bazow\u0105. Mo\u017cesz nawet przegl\u0105da\u0107 transakcje finansowe i raporty w wielu walutach.<\/p>\t\t\t\t\t\t<\/div>\n\t\t\t\t<\/div>\n\t\t\t\t<div class=\"elementor-element elementor-element-zMD9T9lO elementor-widget__width-inherit elementor-widget-mobile__width-inherit   elementor-widget elementor-widget-image\" data-id=\"zMD9T9lO\" data-element_type=\"widget\" data-widget_type=\"image.default\">\n\t\t\t\t<div class=\"elementor-widget-container\">\n\t\t\t\t\t\t\t\t\t\t\t\t\t<img loading=\"lazy\" decoding=\"async\" width=\"1728\" height=\"1080\" src=\"https:\/\/imtosoftware.com\/wp-content\/uploads\/2024\/08\/5.png\" class=\"attachment-full size-full wp-image-895\" alt=\"\" srcset=\"https:\/\/imtosoftware.com\/wp-content\/uploads\/2024\/08\/5.png 1728w, https:\/\/imtosoftware.com\/wp-content\/uploads\/2024\/08\/5-300x188.png 300w, https:\/\/imtosoftware.com\/wp-content\/uploads\/2024\/08\/5-1024x640.png 1024w, https:\/\/imtosoftware.com\/wp-content\/uploads\/2024\/08\/5-768x480.png 768w, https:\/\/imtosoftware.com\/wp-content\/uploads\/2024\/08\/5-1536x960.png 1536w, https:\/\/imtosoftware.com\/wp-content\/uploads\/2024\/08\/5-600x375.png 600w\" sizes=\"(max-width: 1728px) 100vw, 1728px\" \/>\t\t\t\t\t\t\t\t\t\t\t\t\t<\/div>\n\t\t\t\t<\/div>\n\t\t\t\t\t<\/div>\n\t\t\t\t<\/div>\n\t\t\t\t<\/div>\n\t\t<div class=\"elementor-element elementor-element-7vy3sjkT   e-flex e-con-boxed e-con e-parent\" data-id=\"7vy3sjkT\" data-element_type=\"container\">\n\t\t\t\t\t<div class=\"e-con-inner\">\n\t\t\t\t<div class=\"elementor-element elementor-element-ecA60rXi elementor-widget__width-inherit elementor-widget-mobile__width-inherit elementor-position-left elementor-vertical-align-middle   elementor-widget elementor-widget-image-box\" data-id=\"ecA60rXi\" data-element_type=\"widget\" data-widget_type=\"image-box.default\">\n\t\t\t\t<div class=\"elementor-widget-container\">\n\t\t\t<div class=\"elementor-image-box-wrapper\"><figure class=\"elementor-image-box-img\"><img loading=\"lazy\" decoding=\"async\" width=\"1869\" height=\"1080\" src=\"https:\/\/imtosoftware.com\/wp-content\/uploads\/2024\/08\/6.png\" class=\"attachment-full size-full wp-image-896\" alt=\"\" srcset=\"https:\/\/imtosoftware.com\/wp-content\/uploads\/2024\/08\/6.png 1869w, https:\/\/imtosoftware.com\/wp-content\/uploads\/2024\/08\/6-300x173.png 300w, https:\/\/imtosoftware.com\/wp-content\/uploads\/2024\/08\/6-1024x592.png 1024w, https:\/\/imtosoftware.com\/wp-content\/uploads\/2024\/08\/6-768x444.png 768w, https:\/\/imtosoftware.com\/wp-content\/uploads\/2024\/08\/6-1536x888.png 1536w, https:\/\/imtosoftware.com\/wp-content\/uploads\/2024\/08\/6-600x347.png 600w\" sizes=\"(max-width: 1869px) 100vw, 1869px\" \/><\/figure><div class=\"elementor-image-box-content\"><h2 class=\"elementor-image-box-title\">Automatyczne fakturowanie<\/h2><p class=\"elementor-image-box-description\"><span>Nie tra\u0107 czasu na comiesi\u0119czne wysy\u0142anie faktur za odnowienie subskrypcji. Skorzystaj z funkcji Subskrypcje, aby automatycznie generowa\u0107 faktury za zam\u00f3wienia subskrypcyjne. <\/span><\/p><\/div><\/div>\t\t<\/div>\n\t\t\t\t<\/div>\n\t\t\t\t\t<\/div>\n\t\t\t\t<\/div>\n\t\t<div class=\"elementor-element elementor-element-FfTjDaBx e-con-full   e-flex e-con e-parent\" data-id=\"FfTjDaBx\" data-element_type=\"container\">\n\t\t<div class=\"elementor-element elementor-element-rgIzsTAx   e-flex e-con-boxed e-con e-child\" data-id=\"rgIzsTAx\" data-element_type=\"container\" data-settings=\"{&quot;background_background&quot;:&quot;classic&quot;}\">\n\t\t\t\t\t<div class=\"e-con-inner\">\n\t\t\t\t<div class=\"elementor-element elementor-element-o7qLkk8C elementor-widget__width-inherit elementor-widget-mobile__width-inherit elementor-position-right elementor-vertical-align-middle   elementor-widget elementor-widget-image-box\" data-id=\"o7qLkk8C\" data-element_type=\"widget\" data-widget_type=\"image-box.default\">\n\t\t\t\t<div class=\"elementor-widget-container\">\n\t\t\t<div class=\"elementor-image-box-wrapper\"><figure class=\"elementor-image-box-img\"><img loading=\"lazy\" decoding=\"async\" width=\"1920\" height=\"883\" src=\"https:\/\/imtosoftware.com\/wp-content\/uploads\/2024\/08\/7.png\" class=\"attachment-full size-full wp-image-900\" alt=\"\" srcset=\"https:\/\/imtosoftware.com\/wp-content\/uploads\/2024\/08\/7.png 1920w, https:\/\/imtosoftware.com\/wp-content\/uploads\/2024\/08\/7-300x138.png 300w, https:\/\/imtosoftware.com\/wp-content\/uploads\/2024\/08\/7-1024x471.png 1024w, https:\/\/imtosoftware.com\/wp-content\/uploads\/2024\/08\/7-768x353.png 768w, https:\/\/imtosoftware.com\/wp-content\/uploads\/2024\/08\/7-1536x706.png 1536w, https:\/\/imtosoftware.com\/wp-content\/uploads\/2024\/08\/7-600x276.png 600w\" sizes=\"(max-width: 1920px) 100vw, 1920px\" \/><\/figure><div class=\"elementor-image-box-content\"><h2 class=\"elementor-image-box-title\">Bankowo\u015b\u0107<\/h2><p class=\"elementor-image-box-description\"><span>Tworzenie nieograniczonej liczby rachunk\u00f3w bankowych i got\u00f3wkowych oraz \u015bledzenie ich sald pocz\u0105tkowych i bie\u017c\u0105cych. Prowadzenie rachunk\u00f3w bankowych dla dostawc\u00f3w i klient\u00f3w. Upewnij si\u0119, \u017ce Twoje finanse s\u0105 zsynchronizowane dzi\u0119ki przesy\u0142aniu wyci\u0105g\u00f3w bankowych jednym klikni\u0119ciem. \u0141atwe rozliczanie i \u0142atwiejsza ksi\u0119gowo\u015b\u0107. <\/span><br><\/p><\/div><\/div>\t\t<\/div>\n\t\t\t\t<\/div>\n\t\t\t\t\t<\/div>\n\t\t\t\t<\/div>\n\t\t\t\t<\/div>\n\t\t<div class=\"elementor-element elementor-element-ccYHzhyG   e-flex e-con-boxed e-con e-parent\" data-id=\"ccYHzhyG\" data-element_type=\"container\">\n\t\t\t\t\t<div class=\"e-con-inner\">\n\t\t\t\t<div class=\"elementor-element elementor-element-tKbceCPk elementor-widget__width-inherit elementor-widget-mobile__width-inherit elementor-position-left elementor-vertical-align-middle   elementor-widget elementor-widget-image-box\" data-id=\"tKbceCPk\" data-element_type=\"widget\" data-widget_type=\"image-box.default\">\n\t\t\t\t<div class=\"elementor-widget-container\">\n\t\t\t<div class=\"elementor-image-box-wrapper\"><figure class=\"elementor-image-box-img\"><img loading=\"lazy\" decoding=\"async\" width=\"1728\" height=\"1080\" src=\"https:\/\/imtosoftware.com\/wp-content\/uploads\/2024\/08\/8.png\" class=\"attachment-full size-full wp-image-901\" alt=\"\" srcset=\"https:\/\/imtosoftware.com\/wp-content\/uploads\/2024\/08\/8.png 1728w, https:\/\/imtosoftware.com\/wp-content\/uploads\/2024\/08\/8-300x188.png 300w, https:\/\/imtosoftware.com\/wp-content\/uploads\/2024\/08\/8-1024x640.png 1024w, https:\/\/imtosoftware.com\/wp-content\/uploads\/2024\/08\/8-768x480.png 768w, https:\/\/imtosoftware.com\/wp-content\/uploads\/2024\/08\/8-1536x960.png 1536w, https:\/\/imtosoftware.com\/wp-content\/uploads\/2024\/08\/8-600x375.png 600w\" sizes=\"(max-width: 1728px) 100vw, 1728px\" \/><\/figure><div class=\"elementor-image-box-content\"><h2 class=\"elementor-image-box-title\">Dostosowania w locie<\/h2><p class=\"elementor-image-box-description\"><span>Mapuj dane, na kt\u00f3rych Ci zale\u017cy, dodaj\u0105c niestandardowe pola do formularzy. Nast\u0119pnie dostosuj zachowanie formularza poprzez automatyczne pobieranie warto\u015bci, ukrywanie p\u00f3l na podstawie r\u00f3l u\u017cytkownik\u00f3w i tworzenie niestandardowych format\u00f3w wydruku.<\/span><\/p><\/div><\/div>\t\t<\/div>\n\t\t\t\t<\/div>\n\t\t\t\t\t<\/div>\n\t\t\t\t<\/div>\n\t\t<div class=\"elementor-element elementor-element-urRt9CTC e-con-full   e-flex e-con e-parent\" data-id=\"urRt9CTC\" data-element_type=\"container\">\n\t\t<div class=\"elementor-element elementor-element-4KaENPeR   e-flex e-con-boxed e-con e-child\" data-id=\"4KaENPeR\" data-element_type=\"container\" data-settings=\"{&quot;background_background&quot;:&quot;classic&quot;}\">\n\t\t\t\t\t<div class=\"e-con-inner\">\n\t\t\t\t<div class=\"elementor-element elementor-element-uT5SUO3b elementor-widget__width-inherit elementor-widget-mobile__width-inherit   elementor-widget elementor-widget-heading\" data-id=\"uT5SUO3b\" data-element_type=\"widget\" data-widget_type=\"heading.default\">\n\t\t\t\t<div class=\"elementor-widget-container\">\n\t\t\t<h2 class=\"elementor-heading-title elementor-size-default\">Wieloj\u0119zyczne oprogramowanie ksi\u0119gowe<\/h2>\t\t<\/div>\n\t\t\t\t<\/div>\n\t\t\t\t<div class=\"elementor-element elementor-element-ExnxiAz9 elementor-widget__width-inherit elementor-widget-mobile__width-inherit   elementor-widget elementor-widget-image\" data-id=\"ExnxiAz9\" data-element_type=\"widget\" data-widget_type=\"image.default\">\n\t\t\t\t<div class=\"elementor-widget-container\">\n\t\t\t\t\t\t\t\t\t\t\t\t\t<img loading=\"lazy\" decoding=\"async\" width=\"1042\" height=\"617\" src=\"https:\/\/imtosoftware.com\/wp-content\/uploads\/2024\/08\/languages1cf245.png\" class=\"attachment-full size-full wp-image-860\" alt=\"Multilingual Open Source Accounting\" srcset=\"https:\/\/imtosoftware.com\/wp-content\/uploads\/2024\/08\/languages1cf245.png 1042w, https:\/\/imtosoftware.com\/wp-content\/uploads\/2024\/08\/languages1cf245-768x455.png 768w\" sizes=\"(max-width: 1042px) 100vw, 1042px\" \/>\t\t\t\t\t\t\t\t\t\t\t\t\t<\/div>\n\t\t\t\t<\/div>\n\t\t\t\t\t<\/div>\n\t\t\t\t<\/div>\n\t\t\t\t<\/div>\n\t\t<div class=\"elementor-element elementor-element-65e87991 twbb_section e-flex e-con-boxed e-con e-parent\" data-id=\"65e87991\" data-element_type=\"container\" data-settings=\"{&quot;background_background&quot;:&quot;classic&quot;}\">\n\t\t\t\t\t<div class=\"e-con-inner\">\n\t\t\t\t<div class=\"elementor-element elementor-element-1104044 elementor-widget__width-initial elementor-widget-tablet__width-initial elementor-widget-mobile__width-inherit twbb_cta-button-wrapper-center twbb_cta-valign-align-top twbb_cta-button-wrapper-center twbb_cta-button-wrapper-center twbb_cta-position-button-bottom twbb_cta-tablet-position-button-bottom twbb_cta-mobile-position-button-bottom elementor-invisible elementor-widget elementor-widget-twbb_call-to-action\" data-id=\"1104044\" data-element_type=\"widget\" data-settings=\"{&quot;_animation&quot;:&quot;fadeInUp&quot;}\" data-widget_type=\"twbb_call-to-action.default\">\n\t\t\t\t<div class=\"elementor-widget-container\">\n\t\t\t    <div  class=\"twbb_cta-wrapper\">\n      <div class=\"twbb_cta-content-wrapper\">\n    <div class=\"twbb_cta-content-inner\">\n                <h1 class=\"twbb_cta-title\">Podejmij dzia\u0142ania ju\u017c teraz!<\/h1>\n                    <div class=\"twbb_cta-description\">Czy jeste\u015b gotowy zrewolucjonizowa\u0107 sw\u00f3j biznes dzi\u0119ki najnowocze\u015bniejszym rozwi\u0105zaniom programowym? Pozw\u00f3l nam pom\u00f3c Ci osi\u0105gn\u0105\u0107 Twoje cele wydajnie i skutecznie.<\/div>\n              <\/div>\n    <div class=\"twbb_cta-button-wrapper\">\n        <div class=\"twbb_cta-buttons\">\n              <div class=\"twbb_cta-button-item twbb_cta-button-item__one twbb_cta-button-enable-yes\">\n          <a href=\"https:\/\/imtosoftware.com\/pl\/contact-us\/\" class=\"elementor-button twbb_cta-button elementor-size- twbb_cta-button__one\"            >Kontakt<\/a>\n        <\/div>\n                        <\/div>\n    <\/div>\n  <\/div>\n        <\/div>\n\t\t<\/div>\n\t\t\t\t<\/div>\n\t\t\t\t\t<\/div>\n\t\t\t\t<\/div>\n\t\t\t\t<\/div>","protected":false},"excerpt":{"rendered":"<p>Manage your finances with the 100% accounting software All the tools you need to manage cash flow in one place, right from recording transactions to summarizing and analyzing financial reports. It&#8217;s bookkeeping made easy. Real-time view of your accounting books Accounting dashboards highlight all key performance indicators at a glance. With configurable accounting dimensions and [&hellip;]<\/p>\n","protected":false},"author":0,"featured_media":0,"parent":0,"menu_order":0,"comment_status":"closed","ping_status":"draft","template":"","meta":{"inline_featured_image":false,"two_page_speed":[],"footnotes":""},"class_list":["post-863","page","type-page","status-publish","hentry"],"_links":{"self":[{"href":"https:\/\/imtosoftware.com\/pl\/wp-json\/wp\/v2\/pages\/863","targetHints":{"allow":["GET"]}}],"collection":[{"href":"https:\/\/imtosoftware.com\/pl\/wp-json\/wp\/v2\/pages"}],"about":[{"href":"https:\/\/imtosoftware.com\/pl\/wp-json\/wp\/v2\/types\/page"}],"replies":[{"embeddable":true,"href":"https:\/\/imtosoftware.com\/pl\/wp-json\/wp\/v2\/comments?post=863"}],"version-history":[{"count":0,"href":"https:\/\/imtosoftware.com\/pl\/wp-json\/wp\/v2\/pages\/863\/revisions"}],"wp:attachment":[{"href":"https:\/\/imtosoftware.com\/pl\/wp-json\/wp\/v2\/media?parent=863"}],"curies":[{"name":"wp","href":"https:\/\/api.w.org\/{rel}","templated":true}]}}